{"id":142,"date":"2014-04-10T13:44:11","date_gmt":"2014-04-10T13:44:11","guid":{"rendered":"http:\/\/sig.regiaodeaveiro.pt\/web\/?page_id=142"},"modified":"2022-08-29T16:10:28","modified_gmt":"2022-08-29T16:10:28","slug":"informacao-legal","status":"publish","type":"page","link":"https:\/\/sig.regiaodeaveiro.pt\/pt_PT\/informacao-legal\/","title":{"rendered":"Informa\u00e7\u00e3o Legal"},"content":{"rendered":"<p><!--:--><!--:pt-->O servi\u00e7o SIG da Comunidade Intermunicipal da Regi\u00e3o de Aveiro (CIRA) visa divulgar a informa\u00e7\u00e3o geogr\u00e1fica da institui\u00e7\u00e3o e dos seus projetos. A CIRA empenha-se em apresentar informa\u00e7\u00e3o atualizada e rigorosa. Contudo, n\u00e3o garante a inexist\u00eancia de erros, quer no que respeita ao conte\u00fado quer quanto \u00e0 atualiza\u00e7\u00e3o da informa\u00e7\u00e3o, sem preju\u00edzo de desenvolver esfor\u00e7os no sentido de os evitar ou corrigir.<\/p>\n<p>O acesso a estes conte\u00fados e o uso que os seus utilizadores possam fazer da informa\u00e7\u00e3o neles contida \u00e9 da responsabilidade exclusiva dos mesmos, n\u00e3o respondendo a CIRA por quaisquer consequ\u00eancias, danos ou preju\u00edzos que possam resultar do referido acesso e\/ou uso da informa\u00e7\u00e3o.<\/p>\n<p>Quaisquer tentativas de altera\u00e7\u00e3o de informa\u00e7\u00e3o, de carregamento de informa\u00e7\u00e3o, ou qualquer outra a\u00e7\u00e3o que possa causar dano e p\u00f4r em risco a integridade do sistema, s\u00e3o suscet\u00edveis de puni\u00e7\u00e3o de acordo com a legisla\u00e7\u00e3o em vigor.<\/p>\n<p>A CIRA n\u00e3o pode garantir que a informa\u00e7\u00e3o disponibilizada reproduza com exatid\u00e3o a realidade. S\u00f3 a vers\u00e3o dos documentos e dos dados oficiais s\u00e3o consideradas aut\u00eanticas.<\/p>\n<p>A CIRA reserva-se o direito de realizar, em qualquer momento e sem aviso pr\u00e9vio, modifica\u00e7\u00f5es ou atualiza\u00e7\u00f5es da informa\u00e7\u00e3o aqui publicada, bem como na respetiva configura\u00e7\u00e3o ou apresenta\u00e7\u00e3o.<\/p>\n<p>O servi\u00e7o SIG da CIRA rege-se pela Lei Portuguesa.<!--:--><\/p>\n","protected":false},"excerpt":{"rendered":" ","protected":false},"author":1,"featured_media":0,"parent":0,"menu_order":0,"comment_status":"closed","ping_status":"closed","template":"","meta":{"footnotes":""},"class_list":["post-142","page","type-page","status-publish","hentry"],"_links":{"self":[{"href":"https:\/\/sig.regiaodeaveiro.pt\/pt_PT\/wp-json\/wp\/v2\/pages\/142","targetHints":{"allow":["GET"]}}],"collection":[{"href":"https:\/\/sig.regiaodeaveiro.pt\/pt_PT\/wp-json\/wp\/v2\/pages"}],"about":[{"href":"https:\/\/sig.regiaodeaveiro.pt\/pt_PT\/wp-json\/wp\/v2\/types\/page"}],"author":[{"embeddable":true,"href":"https:\/\/sig.regiaodeaveiro.pt\/pt_PT\/wp-json\/wp\/v2\/users\/1"}],"replies":[{"embeddable":true,"href":"https:\/\/sig.regiaodeaveiro.pt\/pt_PT\/wp-json\/wp\/v2\/comments?post=142"}],"version-history":[{"count":2,"href":"https:\/\/sig.regiaodeaveiro.pt\/pt_PT\/wp-json\/wp\/v2\/pages\/142\/revisions"}],"predecessor-version":[{"id":579,"href":"https:\/\/sig.regiaodeaveiro.pt\/pt_PT\/wp-json\/wp\/v2\/pages\/142\/revisions\/579"}],"wp:attachment":[{"href":"https:\/\/sig.regiaodeaveiro.pt\/pt_PT\/wp-json\/wp\/v2\/media?parent=142"}],"curies":[{"name":"wp","href":"https:\/\/api.w.org\/{rel}","templated":true}]}}